{"id":65,"date":"2023-09-27T16:46:34","date_gmt":"2023-09-27T14:46:34","guid":{"rendered":"https:\/\/sylviecadoux.com\/?page_id=65"},"modified":"2023-09-27T16:47:46","modified_gmt":"2023-09-27T14:47:46","slug":"bienvenue-sur-le-site-de-sylvie-cadoux-presence-en-lumiere","status":"publish","type":"page","link":"https:\/\/sylviecadoux.com\/","title":{"rendered":"Bienvenue sur le site de Sylvie Cadoux : Pr\u00e9sence en lumi\u00e8re"},"content":{"rendered":"\n<p><strong>Energies de paix, amour, lumi\u00e8re, unit\u00e9.<\/strong><\/p>\n\n\n\n<p>Vous trouverez ici en toute humilit\u00e9&nbsp;:<\/p>\n\n\n\n<ul>\n<li><a href=\"https:\/\/sylviecadoux.com\/?page_id=37\">des messages bienveillants des guides de lumi\u00e8re<\/a>&nbsp;re\u00e7us et partag\u00e9s pour accompagner sur le<br>chemin d\u2019\u00e9veil (\u00e9critures inspir\u00e9es, transes semi-conscientes sur vid\u00e9os)&nbsp;;<\/li>\n\n\n\n<li><a href=\"https:\/\/sylviecadoux.com\/?page_id=43\">des outils<\/a>, protocoles et m\u00e9ditations pour se lib\u00e9rer et ascensionner&nbsp;;<\/li>\n\n\n\n<li><a href=\"https:\/\/sylviecadoux.com\/?page_id=27\">un album pour enfant \u00e9dit\u00e9 par Le lys bleu<\/a><\/li>\n<\/ul>\n","protected":false},"excerpt":{"rendered":"<p>Energies de paix, amour, lumi\u00e8re, unit\u00e9. Vous trouverez ici en toute humilit\u00e9&nbsp;:<\/p>\n","protected":false},"author":1,"featured_media":0,"parent":0,"menu_order":0,"comment_status":"closed","ping_status":"closed","template":"","meta":{"footnotes":""},"aioseo_notices":[],"_links":{"self":[{"href":"https:\/\/sylviecadoux.com\/index.php?rest_route=\/wp\/v2\/pages\/65"}],"collection":[{"href":"https:\/\/sylviecadoux.com\/index.php?rest_route=\/wp\/v2\/pages"}],"about":[{"href":"https:\/\/sylviecadoux.com\/index.php?rest_route=\/wp\/v2\/types\/page"}],"author":[{"embeddable":true,"href":"https:\/\/sylviecadoux.com\/index.php?rest_route=\/wp\/v2\/users\/1"}],"replies":[{"embeddable":true,"href":"https:\/\/sylviecadoux.com\/index.php?rest_route=%2Fwp%2Fv2%2Fcomments&post=65"}],"version-history":[{"count":5,"href":"https:\/\/sylviecadoux.com\/index.php?rest_route=\/wp\/v2\/pages\/65\/revisions"}],"predecessor-version":[{"id":70,"href":"https:\/\/sylviecadoux.com\/index.php?rest_route=\/wp\/v2\/pages\/65\/revisions\/70"}],"wp:attachment":[{"href":"https:\/\/sylviecadoux.com\/index.php?rest_route=%2Fwp%2Fv2%2Fmedia&parent=65"}],"curies":[{"name":"wp","href":"https:\/\/api.w.org\/{rel}","templated":true}]}}