{"id":37,"date":"2023-09-27T16:29:44","date_gmt":"2023-09-27T14:29:44","guid":{"rendered":"https:\/\/sylviecadoux.com\/?page_id=37"},"modified":"2023-09-27T16:29:58","modified_gmt":"2023-09-27T14:29:58","slug":"ecritures-inspirees","status":"publish","type":"page","link":"https:\/\/sylviecadoux.com\/?page_id=37","title":{"rendered":"\u00c9critures inspir\u00e9es"},"content":{"rendered":"<div class=\"pt-cv-wrapper\"><div class=\"pt-cv-view pt-cv-grid pt-cv-colsys\" id=\"pt-cv-view-f7c595b6om\"><div data-id=\"pt-cv-page-1\" class=\"pt-cv-page\" data-cvc=\"3\"><div class=\"col-md-4 col-sm-6 col-xs-12 pt-cv-content-item pt-cv-1-col\" ><div class='pt-cv-ifield'><a href=\"https:\/\/sylviecadoux.com\/?p=94\" class=\"_self pt-cv-href-thumbnail pt-cv-thumb-default\" target=\"_self\" ><img width=\"768\" height=\"512\" src=\"https:\/\/sylviecadoux.com\/wp-content\/uploads\/2023\/09\/meadow-2667461_1280-768x512.jpg\" class=\"pt-cv-thumbnail\" alt=\"\" decoding=\"async\" loading=\"lazy\" srcset=\"https:\/\/sylviecadoux.com\/wp-content\/uploads\/2023\/09\/meadow-2667461_1280-768x512.jpg 768w, https:\/\/sylviecadoux.com\/wp-content\/uploads\/2023\/09\/meadow-2667461_1280-300x200.jpg 300w, https:\/\/sylviecadoux.com\/wp-content\/uploads\/2023\/09\/meadow-2667461_1280-1024x683.jpg 1024w, https:\/\/sylviecadoux.com\/wp-content\/uploads\/2023\/09\/meadow-2667461_1280.jpg 1280w\" sizes=\"(max-width: 768px) 100vw, 768px\" \/><\/a>\n<h4 class=\"pt-cv-title\"><a href=\"https:\/\/sylviecadoux.com\/?p=94\" class=\"_self\" target=\"_self\" >\u00c9criture inspir\u00e9e 18 &#8211;\u00a0Dans le pr\u00e9sent entretenez une conscience de paix et d\u2019amour.<\/a><\/h4><\/div><\/div>\n<div class=\"col-md-4 col-sm-6 col-xs-12 pt-cv-content-item pt-cv-1-col\" ><div class='pt-cv-ifield'><a href=\"https:\/\/sylviecadoux.com\/?p=91\" class=\"_self pt-cv-href-thumbnail pt-cv-thumb-default\" target=\"_self\" ><img width=\"768\" height=\"512\" src=\"https:\/\/sylviecadoux.com\/wp-content\/uploads\/2023\/09\/morning-2243465_1280-768x512.jpg\" class=\"pt-cv-thumbnail\" alt=\"\" decoding=\"async\" loading=\"lazy\" srcset=\"https:\/\/sylviecadoux.com\/wp-content\/uploads\/2023\/09\/morning-2243465_1280-768x512.jpg 768w, https:\/\/sylviecadoux.com\/wp-content\/uploads\/2023\/09\/morning-2243465_1280-300x200.jpg 300w, https:\/\/sylviecadoux.com\/wp-content\/uploads\/2023\/09\/morning-2243465_1280-1024x682.jpg 1024w, https:\/\/sylviecadoux.com\/wp-content\/uploads\/2023\/09\/morning-2243465_1280.jpg 1280w\" sizes=\"(max-width: 768px) 100vw, 768px\" \/><\/a>\n<h4 class=\"pt-cv-title\"><a href=\"https:\/\/sylviecadoux.com\/?p=91\" class=\"_self\" target=\"_self\" >\u00c9criture inspir\u00e9e 17 &#8211;\u00a0Comment se poser dans sa paix int\u00e9rieure\u00a0?<\/a><\/h4><\/div><\/div>\n<div class=\"col-md-4 col-sm-6 col-xs-12 pt-cv-content-item pt-cv-1-col\" ><div class='pt-cv-ifield'><a href=\"https:\/\/sylviecadoux.com\/?p=88\" class=\"_self pt-cv-href-thumbnail pt-cv-thumb-default\" target=\"_self\" ><img width=\"768\" height=\"512\" src=\"https:\/\/sylviecadoux.com\/wp-content\/uploads\/2023\/09\/yoga-2176668_1280-768x512.jpg\" class=\"pt-cv-thumbnail\" alt=\"\" decoding=\"async\" loading=\"lazy\" srcset=\"https:\/\/sylviecadoux.com\/wp-content\/uploads\/2023\/09\/yoga-2176668_1280-768x512.jpg 768w, https:\/\/sylviecadoux.com\/wp-content\/uploads\/2023\/09\/yoga-2176668_1280-300x200.jpg 300w, https:\/\/sylviecadoux.com\/wp-content\/uploads\/2023\/09\/yoga-2176668_1280-1024x682.jpg 1024w, https:\/\/sylviecadoux.com\/wp-content\/uploads\/2023\/09\/yoga-2176668_1280.jpg 1280w\" sizes=\"(max-width: 768px) 100vw, 768px\" \/><\/a>\n<h4 class=\"pt-cv-title\"><a href=\"https:\/\/sylviecadoux.com\/?p=88\" class=\"_self\" target=\"_self\" >\u00c9criture inspir\u00e9e 16 &#8211;\u00a0Maintenir sa conscience dans le pr\u00e9sent.<\/a><\/h4><\/div><\/div>\n<div class=\"col-md-4 col-sm-6 col-xs-12 pt-cv-content-item pt-cv-1-col\" ><div class='pt-cv-ifield'><a href=\"https:\/\/sylviecadoux.com\/?p=85\" class=\"_self pt-cv-href-thumbnail pt-cv-thumb-default\" target=\"_self\" ><img width=\"768\" height=\"432\" src=\"https:\/\/sylviecadoux.com\/wp-content\/uploads\/2023\/09\/tree-3095683_1280-768x432.jpg\" class=\"pt-cv-thumbnail\" alt=\"\" decoding=\"async\" loading=\"lazy\" srcset=\"https:\/\/sylviecadoux.com\/wp-content\/uploads\/2023\/09\/tree-3095683_1280-768x432.jpg 768w, https:\/\/sylviecadoux.com\/wp-content\/uploads\/2023\/09\/tree-3095683_1280-300x169.jpg 300w, https:\/\/sylviecadoux.com\/wp-content\/uploads\/2023\/09\/tree-3095683_1280-1024x576.jpg 1024w, https:\/\/sylviecadoux.com\/wp-content\/uploads\/2023\/09\/tree-3095683_1280.jpg 1280w\" sizes=\"(max-width: 768px) 100vw, 768px\" \/><\/a>\n<h4 class=\"pt-cv-title\"><a href=\"https:\/\/sylviecadoux.com\/?p=85\" class=\"_self\" target=\"_self\" >\u00c9criture inspir\u00e9e 15 &#8211;\u00a0L\u2019espace du c\u0153ur\u00a0: un refuge<\/a><\/h4><\/div><\/div>\n<div class=\"col-md-4 col-sm-6 col-xs-12 pt-cv-content-item pt-cv-1-col\" ><div class='pt-cv-ifield'><a href=\"https:\/\/sylviecadoux.com\/?p=81\" class=\"_self pt-cv-href-thumbnail pt-cv-thumb-default\" target=\"_self\" ><img width=\"768\" height=\"512\" src=\"https:\/\/sylviecadoux.com\/wp-content\/uploads\/2023\/09\/plant-2551467_1280-768x512.jpg\" class=\"pt-cv-thumbnail\" alt=\"\" decoding=\"async\" loading=\"lazy\" srcset=\"https:\/\/sylviecadoux.com\/wp-content\/uploads\/2023\/09\/plant-2551467_1280-768x512.jpg 768w, https:\/\/sylviecadoux.com\/wp-content\/uploads\/2023\/09\/plant-2551467_1280-300x200.jpg 300w, https:\/\/sylviecadoux.com\/wp-content\/uploads\/2023\/09\/plant-2551467_1280-1024x683.jpg 1024w, https:\/\/sylviecadoux.com\/wp-content\/uploads\/2023\/09\/plant-2551467_1280.jpg 1280w\" sizes=\"(max-width: 768px) 100vw, 768px\" \/><\/a>\n<h4 class=\"pt-cv-title\"><a href=\"https:\/\/sylviecadoux.com\/?p=81\" class=\"_self\" target=\"_self\" >\u00c9criture inspir\u00e9e 14 &#8211; La graine d\u2019\u00e9veil a germ\u00e9 passez \u00e0 l\u2019action\u00a0!<\/a><\/h4><\/div><\/div>\n<div class=\"col-md-4 col-sm-6 col-xs-12 pt-cv-content-item pt-cv-1-col\" ><div class='pt-cv-ifield'><a href=\"https:\/\/sylviecadoux.com\/?p=77\" class=\"_self pt-cv-href-thumbnail pt-cv-thumb-default\" target=\"_self\" ><img width=\"768\" height=\"511\" src=\"https:\/\/sylviecadoux.com\/wp-content\/uploads\/2023\/09\/marguerite-6374662_1280-768x511.jpg\" class=\"pt-cv-thumbnail\" alt=\"\" decoding=\"async\" loading=\"lazy\" srcset=\"https:\/\/sylviecadoux.com\/wp-content\/uploads\/2023\/09\/marguerite-6374662_1280-768x511.jpg 768w, https:\/\/sylviecadoux.com\/wp-content\/uploads\/2023\/09\/marguerite-6374662_1280-300x199.jpg 300w, https:\/\/sylviecadoux.com\/wp-content\/uploads\/2023\/09\/marguerite-6374662_1280-1024x681.jpg 1024w, https:\/\/sylviecadoux.com\/wp-content\/uploads\/2023\/09\/marguerite-6374662_1280.jpg 1280w\" sizes=\"(max-width: 768px) 100vw, 768px\" \/><\/a>\n<h4 class=\"pt-cv-title\"><a href=\"https:\/\/sylviecadoux.com\/?p=77\" class=\"_self\" target=\"_self\" >\u00c9criture inspir\u00e9e 13 &#8211;\u00a0Exp\u00e9rimentation de \u00a0l\u2019acceptation<\/a><\/h4><\/div><\/div><\/div><\/div><\/div>\n","protected":false},"excerpt":{"rendered":"","protected":false},"author":1,"featured_media":0,"parent":0,"menu_order":0,"comment_status":"closed","ping_status":"closed","template":"","meta":{"footnotes":""},"aioseo_notices":[],"_links":{"self":[{"href":"https:\/\/sylviecadoux.com\/index.php?rest_route=\/wp\/v2\/pages\/37"}],"collection":[{"href":"https:\/\/sylviecadoux.com\/index.php?rest_route=\/wp\/v2\/pages"}],"about":[{"href":"https:\/\/sylviecadoux.com\/index.php?rest_route=\/wp\/v2\/types\/page"}],"author":[{"embeddable":true,"href":"https:\/\/sylviecadoux.com\/index.php?rest_route=\/wp\/v2\/users\/1"}],"replies":[{"embeddable":true,"href":"https:\/\/sylviecadoux.com\/index.php?rest_route=%2Fwp%2Fv2%2Fcomments&post=37"}],"version-history":[{"count":1,"href":"https:\/\/sylviecadoux.com\/index.php?rest_route=\/wp\/v2\/pages\/37\/revisions"}],"predecessor-version":[{"id":38,"href":"https:\/\/sylviecadoux.com\/index.php?rest_route=\/wp\/v2\/pages\/37\/revisions\/38"}],"wp:attachment":[{"href":"https:\/\/sylviecadoux.com\/index.php?rest_route=%2Fwp%2Fv2%2Fmedia&parent=37"}],"curies":[{"name":"wp","href":"https:\/\/api.w.org\/{rel}","templated":true}]}}