{"id":27,"date":"2023-09-27T16:24:22","date_gmt":"2023-09-27T14:24:22","guid":{"rendered":"https:\/\/sylviecadoux.com\/?page_id=27"},"modified":"2023-09-27T16:26:07","modified_gmt":"2023-09-27T14:26:07","slug":"livres","status":"publish","type":"page","link":"https:\/\/sylviecadoux.com\/?page_id=27","title":{"rendered":"Livres"},"content":{"rendered":"\n<h2 class=\"wp-block-heading\">Cristal qui es-tu ?<\/h2>\n\n\n\n<p><strong>Un message d\u2019amour color\u00e9 et captivant pour les enfants<\/strong><\/p>\n\n\n\n<p>&nbsp;\u00ab&nbsp;Cristal qui es-tu&nbsp;?&nbsp;\u00bb C\u2019est le titre du premier livre pour enfant dont je suis auteure et illustratrice.<br><\/p>\n\n\n\n<p>Vingt-huit ans enseignante en \u00e9l\u00e9mentaire puis en maternelle je suis aujourd\u2019hui retrait\u00e9e et j\u2019ai laiss\u00e9 \u00e9merger mes aspirations pour l\u2019\u00e9criture, le dessin et la peinture. Dans cet ouvrage je souhaite transmettre aux enfants un message bienveillant sur la diff\u00e9rence, la tol\u00e9rance, l\u2019acceptation, l\u2019amour et la paix int\u00e9rieure. Mes illustrations permettent au lecteur d\u2019animer des \u00e9changes oraux avec les enfants, notamment en ce qui concerne l\u2019identification des personnages humains \u00e9voqu\u00e9s dont on n\u2019aper\u00e7oit que les mains ou les pieds. Cristal le personnage principal, un petit chat tigr\u00e9, vit tr\u00e8s paisiblement. Avec ses grands yeux innocents il observe les membres de sa famille et d\u00e9couvre avec d\u00e9sarroi que Papa, Maman, L\u00e9a et Pierre ne sont pas de tr\u00e8s tr\u00e8s gros chats\u2026 Il se sent alors diff\u00e9rent et triste. Son cheminement et sa pers\u00e9v\u00e9rance le ram\u00e8neront vers la s\u00e9r\u00e9nit\u00e9. Le livre est disponible sur le site de l\u2019\u00e9diteur&nbsp;:&nbsp;<a href=\"https:\/\/www.lysbleueditions.com\/produit\/cristal-qui-es-tu\/\">https:\/\/www.lysbleueditions.com\/produit\/cristal-qui-es-tu\/<\/a><\/p>\n\n\n\n<p>R\u00e9f\u00e9rence&nbsp;:&nbsp;<\/p>\n\n\n\n<p>Comit\u00e9 de lecture de l\u2019\u00e9diteur (Le Lys Bleu Editions)&nbsp;: \u00ab&nbsp;\u00c9crire pour les enfants est bien difficile, car il faut capter leur attention et ne jamais la laisser s\u2019\u00e9chapper. Vous y parvenez avec bonheur, car vos personnages sont captivants, int\u00e9ressants, bien construits et de cette mani\u00e8re totalement coh\u00e9rents&nbsp;\u00bb.<\/p>\n\n\n\n<figure class=\"wp-block-image size-full\"><img decoding=\"async\" loading=\"lazy\" width=\"828\" height=\"315\" src=\"https:\/\/sylviecadoux.com\/wp-content\/uploads\/2023\/09\/couverture_facebook_-__sylvie__cadoux_-2-_-1-.jpg\" alt=\"\" class=\"wp-image-28\" srcset=\"https:\/\/sylviecadoux.com\/wp-content\/uploads\/2023\/09\/couverture_facebook_-__sylvie__cadoux_-2-_-1-.jpg 828w, https:\/\/sylviecadoux.com\/wp-content\/uploads\/2023\/09\/couverture_facebook_-__sylvie__cadoux_-2-_-1--300x114.jpg 300w, https:\/\/sylviecadoux.com\/wp-content\/uploads\/2023\/09\/couverture_facebook_-__sylvie__cadoux_-2-_-1--768x292.jpg 768w\" sizes=\"(max-width: 828px) 100vw, 828px\" \/><\/figure>\n\n\n\n<p><\/p>\n\n\n\n<h2 class=\"wp-block-heading\">R\u00e9sum\u00e9 de Cristal qui es-tu ?<\/h2>\n\n\n\n<p>Cristal, le petit chat, vit tr\u00e8s paisiblement entour\u00e9 de Maman, Papa, L\u00e9a et Pierre. En grandissant il se rend compte que les membres de cette famille ne sont pas de \u00ab&nbsp;tr\u00e8s, tr\u00e8s gros chats&nbsp;\u00bb comme il l\u2019avait imagin\u00e9. Il se sent tout \u00e0 coup diff\u00e9rent et triste. Il regarde alors pour la premi\u00e8re fois \u00e0 travers le grillage qui borde le jardin et aper\u00e7oit deux chats qui font leur toilette au soleil\u2026 Cette rencontre sera-t-elle \u00e0 la hauteur de ses esp\u00e9rances ?<\/p>\n\n\n\n<h2 class=\"wp-block-heading\">O\u00f9 se procurer le livre Cristal qui es-tu ?<\/h2>\n\n\n\n<p><a href=\"https:\/\/www.lysbleueditions.com\/produit\/cristal-qui-es-tu\/\">Retrouvez cristal qui es-tu chez Lysbleueditions<\/a><\/p>\n\n\n\n<p><a href=\"https:\/\/livre.fnac.com\/a16407373\/Sylvie-Cadoux-Cristal-qui-es-tu\">Retrouvez cristal qui es-tu chez la Fnac<\/a><\/p>\n\n\n\n<p><a href=\"https:\/\/www.cultura.com\/p-cristal-qui-es-tu-illustrations-couleur-9791037743183.html\">Retrouvez cristal qui es-tu chez Cultura<\/a><\/p>\n\n\n\n<p><a href=\"https:\/\/www.decitre.fr\/livre-pod\/cristal-qui-es-tu-9791037743183.html\">Retrouvez cristal qui es-tu chez Decitre<\/a><\/p>\n\n\n\n<p><a href=\"https:\/\/www.furet.com\/livre-pod\/cristal-qui-es-tu-sylvie-cadoux-9791037743183.html\">Retrouvez cristal qui es-tu chez Furet<\/a><\/p>\n","protected":false},"excerpt":{"rendered":"<p>Cristal qui es-tu ? Un message d\u2019amour color\u00e9 et captivant pour les enfants &nbsp;\u00ab&nbsp;Cristal qui es-tu&nbsp;?&nbsp;\u00bb C\u2019est le titre du premier livre pour enfant dont je suis auteure et illustratrice. Vingt-huit ans enseignante en \u00e9l\u00e9mentaire puis en maternelle je suis aujourd\u2019hui retrait\u00e9e et j\u2019ai laiss\u00e9 \u00e9merger mes aspirations pour l\u2019\u00e9criture, le dessin et la peinture. &#8230; <a title=\"Livres\" class=\"read-more\" href=\"https:\/\/sylviecadoux.com\/?page_id=27\" aria-label=\"More on Livres\">Read more<\/a><\/p>\n","protected":false},"author":1,"featured_media":0,"parent":0,"menu_order":0,"comment_status":"closed","ping_status":"closed","template":"","meta":{"footnotes":""},"aioseo_notices":[],"_links":{"self":[{"href":"https:\/\/sylviecadoux.com\/index.php?rest_route=\/wp\/v2\/pages\/27"}],"collection":[{"href":"https:\/\/sylviecadoux.com\/index.php?rest_route=\/wp\/v2\/pages"}],"about":[{"href":"https:\/\/sylviecadoux.com\/index.php?rest_route=\/wp\/v2\/types\/page"}],"author":[{"embeddable":true,"href":"https:\/\/sylviecadoux.com\/index.php?rest_route=\/wp\/v2\/users\/1"}],"replies":[{"embeddable":true,"href":"https:\/\/sylviecadoux.com\/index.php?rest_route=%2Fwp%2Fv2%2Fcomments&post=27"}],"version-history":[{"count":3,"href":"https:\/\/sylviecadoux.com\/index.php?rest_route=\/wp\/v2\/pages\/27\/revisions"}],"predecessor-version":[{"id":34,"href":"https:\/\/sylviecadoux.com\/index.php?rest_route=\/wp\/v2\/pages\/27\/revisions\/34"}],"wp:attachment":[{"href":"https:\/\/sylviecadoux.com\/index.php?rest_route=%2Fwp%2Fv2%2Fmedia&parent=27"}],"curies":[{"name":"wp","href":"https:\/\/api.w.org\/{rel}","templated":true}]}}